{"id":4557,"date":"2013-06-21T12:35:35","date_gmt":"2013-06-21T12:35:35","guid":{"rendered":"http:\/\/farmaciagiannoni.it\/web\/?page_id=4557"},"modified":"2013-07-09T11:54:52","modified_gmt":"2013-07-09T10:54:52","slug":"test_intelloranze","status":"publish","type":"page","link":"http:\/\/farmaciagiannoni.it\/?page_id=4557","title":{"rendered":"test_intelloranze"},"content":{"rendered":"<div class=\"one_half\">\n<div class=\"flexslider\" style=\"overflow:hidden;max-width:100%;height:100%;\"><ul class=\"slides\"><li class=\"image\"><img src=\"http:\/\/farmaciagiannoni.it\/web\/wp-content\/uploads\/2013\/06\/autoanalisi.jpg\" alt=\"\" \/><\/li><\/ul><\/div>\n<\/div>\n<div class=\"one_half last\">\n<div class=\"title\"><h2>Test intolleranze alimentari<\/h2><div class=\"title-sep-container\"><div class=\"title-sep\"><\/div><\/div><\/div>\n<p>Le intolleranze alimentari sono dovute all\u2019incapacit\u00e0 del nostro organismo di metabolizzare una o pi\u00f9 sostanze presenti nell&#8217;alimentazione, ci\u00f2 pu\u00f2 provocare diversi disturbi quali stanchezza, sonnolenza, obesit\u00e0 o di pi\u00f9 specifici come difficolt\u00e0 digestive, gastrite, stitichezza, dermatiti e psoriasi, cefalee, irritabilit\u00e0 ed ansia.<\/p>\n<p>Il laboratorio della nostra Farmacia offre un celere e profilato servizio di diagnosi delle intolleranze alimentari.<\/p>\n<p><\/div><div class=\"clearboth\"><\/div>\n<div class=\"demo-sep sep-none\" style=\"margin-top:10px;\"><\/div>\n<div class=\"title\"><h2>Altri Servizi<\/h2><div class=\"title-sep-container\"><div class=\"title-sep\"><\/div><\/div><\/div>\n<style type='text\/css'>\n\t#tabs-1,#tabs-1.tabs-vertical .tabs,#tabs-1.tabs-vertical .tab_content{border-color:#ebeaea !important;}\n\t#main #tabs-1.tabs-horizontal,#tabs-1.tabs-vertical .tab_content,.pyre_tabs .tabs-container{background-color:#ffffff !important;}\n\tbody.dark #tabs-1.shortcode-tabs .tab-hold .tabs li,body.dark #sidebar .tab-hold .tabs li{border-right:1px solid #ffffff !important;}\n\tbody.dark #tabs-1.shortcode-tabs .tab-hold .tabs li:last-child{border-right:0 !important;}\n\tbody.dark #main #tabs-1 .tab-hold .tabs li a{background:#ebeaea !important;border-bottom:0 !important;color:#747474 !important;}\n\tbody.dark #main #tabs-1 .tab-hold .tabs li a:hover{background:#ffffff !important;border-bottom:0 !important;}\n\tbody #main #tabs-1 .tab-hold .tabs li.active a,body #main #tabs-1 .tab-hold .tabs li.active{background:#ffffff !important;border-bottom:0 !important;}\n\t#sidebar .tab-hold .tabs li.active a{border-top-color:#a0ce4e !important;}\n\t<\/style><div id=\"tabs-1\" class=\"tab-holder shortcode-tabs clearfix tabs-horizontal\"><div class=\"tab-hold tabs-wrapper\"><ul id=\"tabs\" class=\"tabset tabs\"><li><a href=\"#tab1\">SOS Defibrillatore<\/a><\/li><li><a href=\"#tab2\">Consegna Domiciliare<\/a><\/li><\/ul><div class=\"tab-box tabs-container\">\n<div id=\"tab1\" class=\"tab tab_content\">\n<i style=\"color:#ffffff !important;\"class=\"fontawesome-icon  circle- icon-\"><\/i> La Farmacia Giannoni compie un ulteriore passo verso la fornitura di servizi qualificati dotandosi di un defibrillatore cardiaco e di personale autorizzato al suo utilizzo, offrendo cos\u00ec alla collettivit\u00e0 un servizio di primo soccorso.<br \/>\n<\/div>\n<div id=\"tab2\" class=\"tab tab_content\"><i style=\"color:#ffffff !important;\"class=\"fontawesome-icon  circle- icon-\"><\/i> La Farmacia Giannoni con proprio personale, previa compilazione anagrafica clienti, provveder\u00e0 a consegnare al domicilio del richiedente i farmaci prescritti regolarmente acquistati.<br \/>\nLe procedure di consegna avvengono nel pieno rispetto della legge e del Codice Deontologico, attenendosi rigidamente alle norme di tutela della privacy ed alle regolamentazioni indicate da Federfarma <a href=\"http:\/\/farmaciagiannoni.it\/web\/wp-content\/uploads\/2013\/06\/federfarma.pdf\">(Rif. Circ. Federfarma n. 275 del 28\/06\/2004 e UL\/BF\/3430\/84\/F7\/PE del 27\/02\/2012)<\/a><br \/>\n<\/div>\n<p><\/div><\/div><\/div>\n<div class=\"demo-sep sep-none\" style=\"margin-top:10px;\"><\/div>\n","protected":false},"excerpt":{"rendered":"","protected":false},"author":1,"featured_media":0,"parent":0,"menu_order":0,"comment_status":"closed","ping_status":"open","template":"full-width.php","meta":[],"_links":{"self":[{"href":"http:\/\/farmaciagiannoni.it\/index.php?rest_route=\/wp\/v2\/pages\/4557"}],"collection":[{"href":"http:\/\/farmaciagiannoni.it\/index.php?rest_route=\/wp\/v2\/pages"}],"about":[{"href":"http:\/\/farmaciagiannoni.it\/index.php?rest_route=\/wp\/v2\/types\/page"}],"author":[{"embeddable":true,"href":"http:\/\/farmaciagiannoni.it\/index.php?rest_route=\/wp\/v2\/users\/1"}],"replies":[{"embeddable":true,"href":"http:\/\/farmaciagiannoni.it\/index.php?rest_route=%2Fwp%2Fv2%2Fcomments&post=4557"}],"version-history":[{"count":9,"href":"http:\/\/farmaciagiannoni.it\/index.php?rest_route=\/wp\/v2\/pages\/4557\/revisions"}],"predecessor-version":[{"id":4949,"href":"http:\/\/farmaciagiannoni.it\/index.php?rest_route=\/wp\/v2\/pages\/4557\/revisions\/4949"}],"wp:attachment":[{"href":"http:\/\/farmaciagiannoni.it\/index.php?rest_route=%2Fwp%2Fv2%2Fmedia&parent=4557"}],"curies":[{"name":"wp","href":"https:\/\/api.w.org\/{rel}","templated":true}]}}