{"id":4341,"date":"2013-06-13T01:01:52","date_gmt":"2013-06-13T01:01:52","guid":{"rendered":"http:\/\/farmaciagiannoni.it\/web\/?page_id=4341"},"modified":"2013-07-12T11:26:29","modified_gmt":"2013-07-12T10:26:29","slug":"dermocosmesimakeup","status":"publish","type":"page","link":"http:\/\/farmaciagiannoni.it\/?page_id=4341","title":{"rendered":"Dermocosmesi&#038;MakeUp"},"content":{"rendered":"<div class=\"three_fourth\">\n<div class=\"title\"><h2>Il Reparto Dermocosmesi&amp;Make Up<\/h2><div class=\"title-sep-container\"><div class=\"title-sep\"><\/div><\/div><\/div>\nLa dermocosmesi ha come obiettivi finali il rallentamento dei processi fisiopatologici di origine cutanea e miglior recupero tissutale. Finalit\u00e0 cui oggi si pu\u00f2 puntare attraverso elementi di elevata innovazione tecnologica e le pi\u00f9 recenti scoperte scientifiche. L\u2019esperienza delle nostre consulenti cosmetiche \u00e8 al vostro servizio.<br \/>\nLasciatevi aiutare a scegliere il prodotto pi\u00f9 adatto alla vostra pelle. Potrete scegliere tra una vasta gamma di prodotti di altissima qualit\u00e0.<br \/>\nLa \u201ccabina estetica\u201d<br \/>\nLa cabina estetica presente in farmacia \u00e8 piccola e confortevole, qui si effettuano trattamenti dermo-professionali gratuiti della linea Skinceuticals, sviluppati nelle migliori spa e medi-spa americane. La mission di Skinceuticals consiste nel migliorare la salute della pelle, sostenuta dall\u2019avanguardia nella ricerca scientifica.<br \/>\nPer gli appuntamenti potete rivolgervi direttamente alla nostra responsabile di reparto specializzata sui propri prodotti e sulla propria \u201cfilosofia\u201d con corsi specifici Skinceuticals\u00a0.<br \/>\n<\/div>\n<div class=\"one_fourth last\">\n<div class=\"title\"><h2>Responsabile<\/h2><div class=\"title-sep-container\"><div class=\"title-sep\"><\/div><\/div><\/div>\n<div class=\"one_fourth\"><\/div>\n<div class=\"person\"><img class=\"person-img\" src=\"http:\/\/farmaciagiannoni.it\/web\/wp-content\/uploads\/2013\/06\/francesca_musca.jpg\" alt=\"Francesca Musca\" \/><div class=\"person-desc\"><div class=\"person-author clearfix\"><div class=\"person-author-wrapper\"><span class=\"person-name\">Francesca Musca<\/span><span class=\"person-title\">Specializzata Skinceuticals<\/span><\/div><div class=\"clear\"><\/div><\/div><div class=\"person-content\"><\/div><\/div><\/div>\n<\/div><div class=\"clearboth\"><\/div>\n<div class=\"demo-sep sep-none\" style=\"margin-top:10px;\"><\/div>\n<div class=\"title\"><h2>I prodotti<\/h2><div class=\"title-sep-container\"><div class=\"title-sep\"><\/div><\/div><\/div>\n<div class=\"related-posts related-projects\"><div id=\"carousel\" class=\"clients-carousel es-carousel-wrapper\"><div class=\"es-carousel\"><ul>\n<li><a href=\"#\" target=\"_self\"><img src=\"http:\/\/farmaciagiannoni.it\/web\/wp-content\/uploads\/2013\/06\/skinceuticals_logo1.jpg\" alt=\"\" \/><\/a><\/li>\n<li><a href=\"#\" target=\"_self\"><img src=\"http:\/\/farmaciagiannoni.it\/web\/wp-content\/uploads\/2013\/06\/sanaflore.jpg\" alt=\"\" \/><\/a><\/li>\n<li><a href=\"#\" target=\"_self\"><img src=\"http:\/\/farmaciagiannoni.it\/web\/wp-content\/uploads\/2013\/06\/la-roche-posay.jpg\" alt=\"\" \/><\/a><\/li>\n<li><a href=\"#\" target=\"_self\"><img src=\"http:\/\/farmaciagiannoni.it\/web\/wp-content\/uploads\/2013\/06\/BionikeLogo.jpg\" alt=\"\" \/><\/a><\/li>\n<li><a href=\"#3\" target=\"_self\"><img src=\"http:\/\/farmaciagiannoni.it\/web\/wp-content\/uploads\/2013\/06\/vichy.jpg\" alt=\"\" \/><\/a><\/li>\n<li><a href=\"#\" target=\"_self\"><img src=\"http:\/\/farmaciagiannoni.it\/web\/wp-content\/uploads\/2013\/06\/inneov_logo.png\" alt=\"\" \/><\/a><\/li>\n<li><a href=\"#\" target=\"_self\"><img src=\"http:\/\/farmaciagiannoni.it\/web\/wp-content\/uploads\/2013\/06\/oenobiol.gif\" alt=\"\" \/><\/a><\/li>\n<li><a href=\"#3\" target=\"_self\"><img src=\"http:\/\/farmaciagiannoni.it\/web\/wp-content\/uploads\/2013\/06\/somatoline.jpg\" alt=\"\" \/><\/a><\/li>\n<li><a href=\"#\" target=\"_self\"><img src=\"http:\/\/farmaciagiannoni.it\/web\/wp-content\/uploads\/2013\/06\/logo_roydermal.png\" alt=\"\" \/><\/a><\/li>\n<li><a href=\"#\" target=\"_self\"><img src=\"http:\/\/farmaciagiannoni.it\/web\/wp-content\/uploads\/2013\/06\/avene.jpg\" alt=\"\" \/><\/a><\/li>\n<li><a href=\"#\" target=\"_self\"><img src=\"http:\/\/farmaciagiannoni.it\/web\/wp-content\/uploads\/2013\/06\/roc_logo.jpg\" alt=\"\" \/><\/a><\/li>\n<li><a href=\"#\" target=\"_self\"><img src=\"http:\/\/farmaciagiannoni.it\/web\/wp-content\/uploads\/2013\/06\/logo_uriage.jpg\" alt=\"\" \/><\/a><\/li>\n<li><a href=\"#\" target=\"_self\"><img src=\"http:\/\/farmaciagiannoni.it\/web\/wp-content\/uploads\/2013\/06\/A-DERMA-logo-web.jpg\" alt=\"\" \/><\/a><\/li>\n<li><a href=\"#\" target=\"_self\"><img src=\"http:\/\/farmaciagiannoni.it\/web\/wp-content\/uploads\/2013\/06\/bellBioscalin_logo_base.jpg\" alt=\"\" \/><\/a><\/li>\n<li><a href=\"#3\" target=\"_self\"><img src=\"http:\/\/farmaciagiannoni.it\/web\/wp-content\/uploads\/2013\/06\/ducray_logo_1.jpg\" alt=\"\" \/><\/a><\/li>\n<li><a href=\"#\" target=\"_self\"><img src=\"http:\/\/farmaciagiannoni.it\/web\/wp-content\/uploads\/2013\/06\/restivoil.jpg\" alt=\"\" \/><\/a><\/li>\n<\/ul><div class=\"es-nav\"><span class=\"es-nav-prev\">Previous<\/span><span class=\"es-nav-next\">Next<\/span><\/div><\/div><\/div><\/div>\n","protected":false},"excerpt":{"rendered":"","protected":false},"author":1,"featured_media":0,"parent":0,"menu_order":0,"comment_status":"closed","ping_status":"open","template":"full-width.php","meta":[],"_links":{"self":[{"href":"http:\/\/farmaciagiannoni.it\/index.php?rest_route=\/wp\/v2\/pages\/4341"}],"collection":[{"href":"http:\/\/farmaciagiannoni.it\/index.php?rest_route=\/wp\/v2\/pages"}],"about":[{"href":"http:\/\/farmaciagiannoni.it\/index.php?rest_route=\/wp\/v2\/types\/page"}],"author":[{"embeddable":true,"href":"http:\/\/farmaciagiannoni.it\/index.php?rest_route=\/wp\/v2\/users\/1"}],"replies":[{"embeddable":true,"href":"http:\/\/farmaciagiannoni.it\/index.php?rest_route=%2Fwp%2Fv2%2Fcomments&post=4341"}],"version-history":[{"count":28,"href":"http:\/\/farmaciagiannoni.it\/index.php?rest_route=\/wp\/v2\/pages\/4341\/revisions"}],"predecessor-version":[{"id":4977,"href":"http:\/\/farmaciagiannoni.it\/index.php?rest_route=\/wp\/v2\/pages\/4341\/revisions\/4977"}],"wp:attachment":[{"href":"http:\/\/farmaciagiannoni.it\/index.php?rest_route=%2Fwp%2Fv2%2Fmedia&parent=4341"}],"curies":[{"name":"wp","href":"https:\/\/api.w.org\/{rel}","templated":true}]}}